{"id":577,"date":"2025-04-09T20:53:21","date_gmt":"2025-04-09T18:53:21","guid":{"rendered":"https:\/\/www.schaeffer-partners.lu\/?page_id=577"},"modified":"2025-04-09T20:54:23","modified_gmt":"2025-04-09T18:54:23","slug":"caracteristiques","status":"publish","type":"page","link":"https:\/\/www.schaeffer-partners.lu\/fr\/caracteristiques\/","title":{"rendered":"Caract\u00e9ristiques"},"content":{"rendered":"<div data-elementor-type=\"wp-page\" data-elementor-id=\"577\" class=\"elementor elementor-577\">\n\t\t\t\t<div class=\"elementor-element elementor-element-78e11aa6 e-con-full e-flex e-con e-parent\" data-id=\"78e11aa6\" data-element_type=\"container\">\n\t\t\t\t<div class=\"elementor-element elementor-element-453016fe elementor-widget__width-inherit elementor-widget elementor-widget-heading\" data-id=\"453016fe\" data-element_type=\"widget\" data-widget_type=\"heading.default\">\n\t\t\t\t<div class=\"elementor-widget-container\">\n\t\t\t\t\t<h3 class=\"elementor-heading-title elementor-size-default\"><br><br><br><\/h3>\t\t\t\t<\/div>\n\t\t\t\t<\/div>\n\t\t\t\t<\/div>\n\t\t<div class=\"elementor-element elementor-element-39cb537c e-flex e-con-boxed e-con e-parent\" data-id=\"39cb537c\" data-element_type=\"container\">\n\t\t\t\t\t<div class=\"e-con-inner\">\n\t\t\t\t<div class=\"elementor-element elementor-element-1b4b2d92 elementor-widget elementor-widget-hera-title\" data-id=\"1b4b2d92\" data-element_type=\"widget\" data-widget_type=\"hera-title.default\">\n\t\t\t\t<div class=\"elementor-widget-container\">\n\t\t\t\t\t\n\t\t<div class=\"section-title text-center wow zoomIn\">\n\t\t\t<span>Schaeffer &amp; Partners<\/span>\t\n\t\t\t<h2>Caract\u00e9ristiques<\/h2>\t\n\t\t<\/div>\n\t\t\t\t<\/div>\n\t\t\t\t<\/div>\n\t\t\t\t<div class=\"elementor-element elementor-element-35aa8cab elementor-widget elementor-widget-text-editor\" data-id=\"35aa8cab\" data-element_type=\"widget\" data-widget_type=\"text-editor.default\">\n\t\t\t\t<div class=\"elementor-widget-container\">\n\t\t\t\t\t\t\t\t\t\n<p>Pourquoi devriez-vous nous consid\u00e9rer pour vos besoins en comptabilit\u00e9 et en conseil fiscal ?<\/p>\n\n\n\n<h4 class=\"wp-block-heading\">1. <strong>Connaissances sp\u00e9cialis\u00e9es<\/strong><\/h4>\n\n\n\n<p>Schaeffer &amp; Partners dispose d'une forte expertise sur le march\u00e9 luxembourgeois, avec une sp\u00e9cialisation qui couvre les services fiscaux, juridiques et comptables. Son approche cibl\u00e9e lui permet de traiter des questions complexes sp\u00e9cifiques au cadre r\u00e9glementaire luxembourgeois.<\/p>\n\n\n\n<h4 class=\"wp-block-heading\">2. <strong>Services complets<\/strong><\/h4>\n\n\n\n<p>Ils offrent un large \u00e9ventail de services, notamment la comptabilit\u00e9, les conseils fiscaux, la gestion des salaires et les services juridiques. Cette offre de services compl\u00e8te en fait un guichet unique pratique pour les clients qui souhaitent g\u00e9rer en un seul endroit plusieurs aspects de leur entreprise ou de leurs finances personnelles.<\/p>\n<p><img fetchpriority=\"high\" decoding=\"async\" class=\"aligncenter wp-image-654\" title=\"Philharmonie Luxembourg\" src=\"https:\/\/schaeffer-partners.server24.cc\/wp-content\/uploads\/2024\/04\/philharmonie-1024x682.jpg\" alt=\"Philharmonie Luxembourg\" width=\"600\" height=\"400\" \/><\/p>\n\n\n\n<h4 class=\"wp-block-heading\">3. <strong>Philosophie centr\u00e9e sur le client<\/strong><\/h4>\n\n\n\n<p>Schaeffer &amp; Partners met l'accent sur les relations avec ses clients, en veillant \u00e0 ce que ses services soient hautement personnalis\u00e9s. Ils s'attachent \u00e0 comprendre les besoins individuels de leurs clients et adaptent leurs services en cons\u00e9quence, ce qui peut s'av\u00e9rer particuli\u00e8rement avantageux pour garantir des solutions personnalis\u00e9es et efficaces.<\/p>\n\n\n\n<h4 class=\"wp-block-heading\">4. <strong>Approche proactive<\/strong><\/h4>\n\n\n\n<p>Ils sont connus pour leur approche proactive dans le traitement des probl\u00e8mes des clients. Il ne s'agit pas seulement de r\u00e9pondre aux questions et aux pr\u00e9occupations des clients, mais aussi d'anticiper les d\u00e9fis potentiels et de conseiller les clients \u00e0 l'avance. Une telle pr\u00e9voyance peut s'av\u00e9rer cruciale pour naviguer dans le paysage fiscal souvent complexe, en aidant \u00e0 \u00e9viter les pi\u00e8ges et \u00e0 saisir les opportunit\u00e9s.<\/p>\n\n\n\n<h4 class=\"wp-block-heading\">5. <strong>Ax\u00e9 sur la technologie<\/strong><\/h4>\n\n\n\n<p>Schaeffer &amp; Partners utilise les technologies modernes pour am\u00e9liorer sa prestation de services. L'adoption de la technologie dans leurs op\u00e9rations peut conduire \u00e0 une prestation de services plus efficace et plus pr\u00e9cise, depuis les processus comptables rationalis\u00e9s jusqu'\u00e0 l'am\u00e9lioration de la s\u00e9curit\u00e9 des donn\u00e9es et de la conformit\u00e9.<\/p>\n\n\n\n<p>Schaeffer &amp; Partners est un choix int\u00e9ressant si vous recherchez un cabinet qui allie une expertise locale approfondie \u00e0 une gamme compl\u00e8te de services. Son approche proactive et centr\u00e9e sur le client, soutenue par une technologie moderne, en fait un cabinet particuli\u00e8rement adapt\u00e9 aux entreprises et aux particuliers qui ont besoin d'une orientation financi\u00e8re m\u00e9ticuleuse et tourn\u00e9e vers l'avenir. Cette combinaison de caract\u00e9ristiques en fait une option solide pour tous ceux qui cherchent \u00e0 naviguer efficacement dans les complexit\u00e9s de l'environnement financier luxembourgeois.<\/p>\n\t\t\t\t\t\t\t\t<\/div>\n\t\t\t\t<\/div>\n\t\t\t\t\t<\/div>\n\t\t\t\t<\/div>\n\t\t\t\t<\/div>","protected":false},"excerpt":{"rendered":"<p>Schaeffer &amp; Partners Caract\u00e9ristiques Les raisons pour lesquelles vous pourriez nous consid\u00e9rer pour vos besoins en mati\u00e8re de comptabilit\u00e9 et de conseil fiscal : 1. Connaissances sp\u00e9cialis\u00e9es Schaeffer &amp; Partners dispose d'une solide expertise sur le march\u00e9 luxembourgeois, avec une sp\u00e9cialisation [...]<\/p>","protected":false},"author":1,"featured_media":0,"parent":0,"menu_order":0,"comment_status":"closed","ping_status":"closed","template":"elementor_header_footer","meta":{"footnotes":""},"class_list":["post-577","page","type-page","status-publish","hentry"],"_links":{"self":[{"href":"https:\/\/www.schaeffer-partners.lu\/fr\/wp-json\/wp\/v2\/pages\/577","targetHints":{"allow":["GET"]}}],"collection":[{"href":"https:\/\/www.schaeffer-partners.lu\/fr\/wp-json\/wp\/v2\/pages"}],"about":[{"href":"https:\/\/www.schaeffer-partners.lu\/fr\/wp-json\/wp\/v2\/types\/page"}],"author":[{"embeddable":true,"href":"https:\/\/www.schaeffer-partners.lu\/fr\/wp-json\/wp\/v2\/users\/1"}],"replies":[{"embeddable":true,"href":"https:\/\/www.schaeffer-partners.lu\/fr\/wp-json\/wp\/v2\/comments?post=577"}],"version-history":[{"count":0,"href":"https:\/\/www.schaeffer-partners.lu\/fr\/wp-json\/wp\/v2\/pages\/577\/revisions"}],"wp:attachment":[{"href":"https:\/\/www.schaeffer-partners.lu\/fr\/wp-json\/wp\/v2\/media?parent=577"}],"curies":[{"name":"wp","href":"https:\/\/api.w.org\/{rel}","templated":true}]}}