{"id":562,"date":"2025-04-09T20:46:42","date_gmt":"2025-04-09T18:46:42","guid":{"rendered":"https:\/\/www.schaeffer-partners.lu\/?page_id=562"},"modified":"2025-04-09T20:47:41","modified_gmt":"2025-04-09T18:47:41","slug":"constitution-dune-societe-sa","status":"publish","type":"page","link":"https:\/\/www.schaeffer-partners.lu\/fr\/constitution-dune-societe-sa\/","title":{"rendered":"Constitution d'une soci\u00e9t\u00e9 (sa)"},"content":{"rendered":"<div data-elementor-type=\"wp-page\" data-elementor-id=\"562\" class=\"elementor elementor-562\">\n\t\t\t\t<div class=\"elementor-element elementor-element-3df314f6 e-con-full elementor-hidden-mobile e-flex e-con e-parent\" data-id=\"3df314f6\" data-element_type=\"container\">\n\t\t\t\t<div class=\"elementor-element elementor-element-2b230efd elementor-widget__width-inherit elementor-hidden-mobile elementor-widget elementor-widget-heading\" data-id=\"2b230efd\" data-element_type=\"widget\" data-widget_type=\"heading.default\">\n\t\t\t\t<div class=\"elementor-widget-container\">\n\t\t\t\t\t<h2 class=\"elementor-heading-title elementor-size-default\"><br><br><br><\/h2>\t\t\t\t<\/div>\n\t\t\t\t<\/div>\n\t\t\t\t<\/div>\n\t\t<div class=\"elementor-element elementor-element-5afa352a e-con-full elementor-hidden-desktop elementor-hidden-tablet e-flex e-con e-parent\" data-id=\"5afa352a\" data-element_type=\"container\">\n\t\t\t\t<div class=\"elementor-element elementor-element-54f551e4 elementor-widget__width-inherit elementor-hidden-desktop elementor-hidden-tablet elementor-widget elementor-widget-heading\" data-id=\"54f551e4\" data-element_type=\"widget\" data-widget_type=\"heading.default\">\n\t\t\t\t<div class=\"elementor-widget-container\">\n\t\t\t\t\t<h2 class=\"elementor-heading-title elementor-size-default\"><br><br><\/h2>\t\t\t\t<\/div>\n\t\t\t\t<\/div>\n\t\t\t\t<\/div>\n\t\t<div class=\"elementor-element elementor-element-346d5f68 e-flex e-con-boxed e-con e-parent\" data-id=\"346d5f68\" data-element_type=\"container\">\n\t\t\t\t\t<div class=\"e-con-inner\">\n\t\t\t\t<div class=\"elementor-element elementor-element-7fa96a38 elementor-widget elementor-widget-hera-title\" data-id=\"7fa96a38\" data-element_type=\"widget\" data-widget_type=\"hera-title.default\">\n\t\t\t\t<div class=\"elementor-widget-container\">\n\t\t\t\t\t\n\t\t<div class=\"section-title text-center wow zoomIn\">\n\t\t\t<span>Formulaires<\/span>\t\n\t\t\t<h2>Constitution d'une soci\u00e9t\u00e9 anonyme<\/h2>\t\n\t\t<\/div>\n\t\t\t\t<\/div>\n\t\t\t\t<\/div>\n\t\t<div class=\"elementor-element elementor-element-151af154 e-grid e-con-boxed e-con e-child\" data-id=\"151af154\" data-element_type=\"container\">\n\t\t\t\t\t<div class=\"e-con-inner\">\n\t\t\t\t<div class=\"elementor-element elementor-element-4c5af69e elementor-widget elementor-widget-text-editor\" data-id=\"4c5af69e\" data-element_type=\"widget\" data-widget_type=\"text-editor.default\">\n\t\t\t\t<div class=\"elementor-widget-container\">\n\t\t\t\t\t\t\t\t\t<p>Bonjour,<\/p><p>Afin de vous fournir un devis gratuit pour la constitution de votre soci\u00e9t\u00e9, veuillez nous envoyer les informations ci-dessous.<\/p><p>Nous vous contacterons dans les plus brefs d\u00e9lais.<\/p><p>Je vous prie d'agr\u00e9er, Monsieur le Pr\u00e9sident, l'expression de mes sentiments distingu\u00e9s.<br \/><em>Votre \u00e9quipe Schaeffer &amp; Partners<br \/><\/em><\/p>\t\t\t\t\t\t\t\t<\/div>\n\t\t\t\t<\/div>\n\t\t\t\t<div class=\"elementor-element elementor-element-2e56f528 elementor-icon-list--layout-traditional elementor-list-item-link-full_width elementor-widget elementor-widget-icon-list\" data-id=\"2e56f528\" data-element_type=\"widget\" data-widget_type=\"icon-list.default\">\n\t\t\t\t<div class=\"elementor-widget-container\">\n\t\t\t\t\t\t\t<ul class=\"elementor-icon-list-items\">\n\t\t\t\t\t\t\t<li class=\"elementor-icon-list-item\">\n\t\t\t\t\t\t\t\t\t\t<span class=\"elementor-icon-list-text\"><h4>Formulaires<\/h4><\/span>\n\t\t\t\t\t\t\t\t\t<\/li>\n\t\t\t\t\t\t\t\t<li class=\"elementor-icon-list-item\">\n\t\t\t\t\t\t\t\t\t\t\t<a href=\"\/fr\/demande-de-devis\/\">\n\n\t\t\t\t\t\t\t\t\t\t\t\t<span class=\"elementor-icon-list-icon\">\n\t\t\t\t\t\t\t<svg aria-hidden=\"true\" class=\"e-font-icon-svg e-far-file-alt\" viewbox=\"0 0 384 512\" xmlns=\"http:\/\/www.w3.org\/2000\/svg\"><path d=\"M288 248v28c0 6.6-5.4 12-12 12H108c-6.6 0-12-5.4-12-12v-28c0-6.6 5.4-12 12-12h168c6.6 0 12 5.4 12 12zm-12 72H108c-6.6 0-12 5.4-12 12v28c0 6.6 5.4 12 12 12h168c6.6 0 12-5.4 12-12v-28c0-6.6-5.4-12-12-12zm108-188.1V464c0 26.5-21.5 48-48 48H48c-26.5 0-48-21.5-48-48V48C0 21.5 21.5 0 48 0h204.1C264.8 0 277 5.1 286 14.1L369.9 98c9 8.9 14.1 21.2 14.1 33.9zm-128-80V128h76.1L256 51.9zM336 464V176H232c-13.3 0-24-10.7-24-24V48H48v416h288z\"><\/path><\/svg>\t\t\t\t\t\t<\/span>\n\t\t\t\t\t\t\t\t\t\t<span class=\"elementor-icon-list-text\">Demande de devis gratuit<\/span>\n\t\t\t\t\t\t\t\t\t\t\t<\/a>\n\t\t\t\t\t\t\t\t\t<\/li>\n\t\t\t\t\t\t\t\t<li class=\"elementor-icon-list-item\">\n\t\t\t\t\t\t\t\t\t\t\t<a href=\"\/fr\/constitution-dune-societe-sa\/\">\n\n\t\t\t\t\t\t\t\t\t\t\t\t<span class=\"elementor-icon-list-icon\">\n\t\t\t\t\t\t\t<svg aria-hidden=\"true\" class=\"e-font-icon-svg e-far-file-alt\" viewbox=\"0 0 384 512\" xmlns=\"http:\/\/www.w3.org\/2000\/svg\"><path d=\"M288 248v28c0 6.6-5.4 12-12 12H108c-6.6 0-12-5.4-12-12v-28c0-6.6 5.4-12 12-12h168c6.6 0 12 5.4 12 12zm-12 72H108c-6.6 0-12 5.4-12 12v28c0 6.6 5.4 12 12 12h168c6.6 0 12-5.4 12-12v-28c0-6.6-5.4-12-12-12zm108-188.1V464c0 26.5-21.5 48-48 48H48c-26.5 0-48-21.5-48-48V48C0 21.5 21.5 0 48 0h204.1C264.8 0 277 5.1 286 14.1L369.9 98c9 8.9 14.1 21.2 14.1 33.9zm-128-80V128h76.1L256 51.9zM336 464V176H232c-13.3 0-24-10.7-24-24V48H48v416h288z\"><\/path><\/svg>\t\t\t\t\t\t<\/span>\n\t\t\t\t\t\t\t\t\t\t<span class=\"elementor-icon-list-text\">Constitution d'une soci\u00e9t\u00e9 anonyme (SA)<\/span>\n\t\t\t\t\t\t\t\t\t\t\t<\/a>\n\t\t\t\t\t\t\t\t\t<\/li>\n\t\t\t\t\t\t\t\t<li class=\"elementor-icon-list-item\">\n\t\t\t\t\t\t\t\t\t\t\t<a href=\"\/fr\/constitution-dune-societe-sarl\/\">\n\n\t\t\t\t\t\t\t\t\t\t\t\t<span class=\"elementor-icon-list-icon\">\n\t\t\t\t\t\t\t<svg aria-hidden=\"true\" class=\"e-font-icon-svg e-far-file-alt\" viewbox=\"0 0 384 512\" xmlns=\"http:\/\/www.w3.org\/2000\/svg\"><path d=\"M288 248v28c0 6.6-5.4 12-12 12H108c-6.6 0-12-5.4-12-12v-28c0-6.6 5.4-12 12-12h168c6.6 0 12 5.4 12 12zm-12 72H108c-6.6 0-12 5.4-12 12v28c0 6.6 5.4 12 12 12h168c6.6 0 12-5.4 12-12v-28c0-6.6-5.4-12-12-12zm108-188.1V464c0 26.5-21.5 48-48 48H48c-26.5 0-48-21.5-48-48V48C0 21.5 21.5 0 48 0h204.1C264.8 0 277 5.1 286 14.1L369.9 98c9 8.9 14.1 21.2 14.1 33.9zm-128-80V128h76.1L256 51.9zM336 464V176H232c-13.3 0-24-10.7-24-24V48H48v416h288z\"><\/path><\/svg>\t\t\t\t\t\t<\/span>\n\t\t\t\t\t\t\t\t\t\t<span class=\"elementor-icon-list-text\">Constitution d'une soci\u00e9t\u00e9 \u00e0 responsabilit\u00e9 limit\u00e9e (SARL)<\/span>\n\t\t\t\t\t\t\t\t\t\t\t<\/a>\n\t\t\t\t\t\t\t\t\t<\/li>\n\t\t\t\t\t\t<\/ul>\n\t\t\t\t\t\t<\/div>\n\t\t\t\t<\/div>\n\t\t\t\t\t<\/div>\n\t\t\t\t<\/div>\n\t\t\t\t<div class=\"elementor-element elementor-element-6c9ba68f elementor-widget__width-initial elementor-widget elementor-widget-text-editor\" data-id=\"6c9ba68f\" data-element_type=\"widget\" data-widget_type=\"text-editor.default\">\n\t\t\t\t<div class=\"elementor-widget-container\">\n\t\t\t\t\t\t\t\t\t\n<div class=\"wpcf7 no-js\" id=\"wpcf7-f493-o1\" lang=\"fr-FR\" dir=\"ltr\" data-wpcf7-id=\"493\">\n<div class=\"screen-reader-response\"><p role=\"status\" aria-live=\"polite\" aria-atomic=\"true\"><\/p> <ul><\/ul><\/div>\n<form action=\"\/fr\/wp-json\/wp\/v2\/pages\/562#wpcf7-f493-o1\" method=\"post\" class=\"wpcf7-form init\" aria-label=\"Formulaire de contact\" novalidate=\"novalidate\" data-status=\"init\" data-trp-original-action=\"\/fr\/wp-json\/wp\/v2\/pages\/562#wpcf7-f493-o1\">\n<fieldset class=\"hidden-fields-container\"><input type=\"hidden\" name=\"_wpcf7\" value=\"493\" \/><input type=\"hidden\" name=\"_wpcf7_version\" value=\"6.1.3\" \/><input type=\"hidden\" name=\"_wpcf7_locale\" value=\"fr_FR\" \/><input type=\"hidden\" name=\"_wpcf7_unit_tag\" value=\"wpcf7-f493-o1\" \/><input type=\"hidden\" name=\"_wpcf7_container_post\" value=\"0\" \/><input type=\"hidden\" name=\"_wpcf7_posted_data_hash\" value=\"\" \/>\n<\/fieldset>\n<p><b>Entreprise<\/b><br \/>\n<label> Nom de l'entreprise<br \/>\n<span class=\"wpcf7-form-control-wrap\" data-name=\"soc_nom\"><input size=\"40\" maxlength=\"400\" class=\"wpcf7-form-control wpcf7-text wpcf7-validates-as-required\" aria-required=\"true\" aria-invalid=\"false\" value=\"\" type=\"text\" name=\"soc_nom\" \/><\/span> <\/label>&nbsp;&nbsp;<label> Si\u00e8ge de l'entreprise<br \/>\n<span class=\"wpcf7-form-control-wrap\" data-name=\"soc_siege\"><input size=\"40\" maxlength=\"400\" class=\"wpcf7-form-control wpcf7-text wpcf7-validates-as-required\" aria-required=\"true\" aria-invalid=\"false\" value=\"\" type=\"text\" name=\"soc_siege\" \/><\/span> <\/label>\n<\/p>\n<p><b>Capital social<\/b><br \/>\n<label> Le capital<br \/>\n<span class=\"wpcf7-form-control-wrap\" data-name=\"capital\"><input class=\"wpcf7-form-control wpcf7-number wpcf7-validates-as-required wpcf7-validates-as-number\" aria-required=\"true\" aria-invalid=\"false\" value=\"30000\" type=\"number\" name=\"capital\" \/><\/span> \u20ac <\/label>&nbsp;&nbsp;<label> Nombre d'actions<br \/>\n<span class=\"wpcf7-form-control-wrap\" data-name=\"nb_acts\"><input class=\"wpcf7-form-control wpcf7-number wpcf7-validates-as-number\" min=\"1\" aria-invalid=\"false\" value=\"\" type=\"number\" name=\"nb_acts\" \/><\/span> <\/label>&nbsp;&nbsp;<label> Valeur d'une action<br \/>\n<span class=\"wpcf7-form-control-wrap\" data-name=\"val_act\"><input class=\"wpcf7-form-control wpcf7-number wpcf7-validates-as-number\" aria-invalid=\"false\" value=\"\" type=\"number\" name=\"val_act\" \/><\/span> <\/label>\n<\/p>\n<p><b>Objet social<\/b><br \/>\n<span class=\"wpcf7-form-control-wrap\" data-name=\"object\"><textarea cols=\"40\" rows=\"10\" maxlength=\"2000\" class=\"wpcf7-form-control wpcf7-textarea wpcf7-validates-as-required\" aria-required=\"true\" aria-invalid=\"false\" name=\"object\"><\/textarea><\/span>\n<\/p>\n<p><b>Abonn\u00e9s<\/b><br \/>\n<label> Abonn\u00e9s #1<br \/>\n<span class=\"wpcf7-form-control-wrap\" data-name=\"sscr1\"><input size=\"40\" maxlength=\"400\" class=\"wpcf7-form-control wpcf7-text wpcf7-validates-as-required\" aria-required=\"true\" aria-invalid=\"false\" value=\"\" type=\"text\" name=\"sscr1\" \/><\/span> <\/label>&nbsp;&nbsp;<label>Actions<br \/>\n<span class=\"wpcf7-form-control-wrap\" data-name=\"sscr1_parts\"><input class=\"wpcf7-form-control wpcf7-number wpcf7-validates-as-number\" aria-invalid=\"false\" value=\"\" type=\"number\" name=\"sscr1_parts\" \/><\/span> <\/label><br \/>\n<label> Abonn\u00e9s #2<br \/>\n<span class=\"wpcf7-form-control-wrap\" data-name=\"sscr2\"><input size=\"40\" maxlength=\"400\" class=\"wpcf7-form-control wpcf7-text\" aria-invalid=\"false\" value=\"\" type=\"text\" name=\"sscr2\" \/><\/span> <\/label>&nbsp;&nbsp;<label>Actions<br \/>\n<span class=\"wpcf7-form-control-wrap\" data-name=\"sscr2_parts\"><input class=\"wpcf7-form-control wpcf7-number wpcf7-validates-as-number\" aria-invalid=\"false\" value=\"\" type=\"number\" name=\"sscr2_parts\" \/><\/span> <\/label><br \/>\n<label> Abonn\u00e9s #3<br \/>\n<span class=\"wpcf7-form-control-wrap\" data-name=\"sscr3\"><input size=\"40\" maxlength=\"400\" class=\"wpcf7-form-control wpcf7-text\" aria-invalid=\"false\" value=\"\" type=\"text\" name=\"sscr3\" \/><\/span> <\/label>&nbsp;&nbsp;<label>Actions<br \/>\n<span class=\"wpcf7-form-control-wrap\" data-name=\"sscr3_parts\"><input class=\"wpcf7-form-control wpcf7-number wpcf7-validates-as-number\" aria-invalid=\"false\" value=\"\" type=\"number\" name=\"sscr3_parts\" \/><\/span> <\/label><br \/>\n<label> Abonn\u00e9s #4<br \/>\n<span class=\"wpcf7-form-control-wrap\" data-name=\"sscr4\"><input size=\"40\" maxlength=\"400\" class=\"wpcf7-form-control wpcf7-text\" aria-invalid=\"false\" value=\"\" type=\"text\" name=\"sscr4\" \/><\/span> <\/label>&nbsp;&nbsp;<label>Actions<br \/>\n<span class=\"wpcf7-form-control-wrap\" data-name=\"sscr4_parts\"><input class=\"wpcf7-form-control wpcf7-number wpcf7-validates-as-number\" aria-invalid=\"false\" value=\"\" type=\"number\" name=\"sscr4_parts\" \/><\/span> <\/label><br \/>\n<label> Abonn\u00e9s #5<br \/>\n<span class=\"wpcf7-form-control-wrap\" data-name=\"sscr5\"><input size=\"40\" maxlength=\"400\" class=\"wpcf7-form-control wpcf7-text\" aria-invalid=\"false\" value=\"\" type=\"text\" name=\"sscr5\" \/><\/span> <\/label>&nbsp;&nbsp;<label>Actions<br \/>\n<span class=\"wpcf7-form-control-wrap\" data-name=\"sscr5_parts\"><input class=\"wpcf7-form-control wpcf7-number wpcf7-validates-as-number\" aria-invalid=\"false\" value=\"\" type=\"number\" name=\"sscr5_parts\" \/><\/span> <\/label>\n<\/p>\n<p><b>Conseil d'administration<\/b><br \/>\n<label> Administrateur #1 <span class=\"wpcf7-form-control-wrap\" data-name=\"adm1\"><input size=\"40\" maxlength=\"400\" class=\"wpcf7-form-control wpcf7-text wpcf7-validates-as-required\" aria-required=\"true\" aria-invalid=\"false\" value=\"\" type=\"text\" name=\"adm1\" \/><\/span> <\/label><br \/>\n<label> Administrateur #2 <span class=\"wpcf7-form-control-wrap\" data-name=\"adm2\"><input size=\"40\" maxlength=\"400\" class=\"wpcf7-form-control wpcf7-text\" aria-invalid=\"false\" value=\"\" type=\"text\" name=\"adm2\" \/><\/span> <\/label><br \/>\n<label> Administrateur #3 <span class=\"wpcf7-form-control-wrap\" data-name=\"adm3\"><input size=\"40\" maxlength=\"400\" class=\"wpcf7-form-control wpcf7-text\" aria-invalid=\"false\" value=\"\" type=\"text\" name=\"adm3\" \/><\/span> <\/label>\n<\/p>\n<p><b>Auditeur<\/b><br \/>\n<label> Nom <span class=\"wpcf7-form-control-wrap\" data-name=\"comcptes\"><input size=\"40\" maxlength=\"400\" class=\"wpcf7-form-control wpcf7-text wpcf7-validates-as-required\" aria-required=\"true\" aria-invalid=\"false\" value=\"\" type=\"text\" name=\"comcptes\" \/><\/span> <\/label>\n<\/p>\n<p><b>Banque<\/b><br \/>\n<label> Nom de la banque<br \/>\n<span class=\"wpcf7-form-control-wrap\" data-name=\"banque_nom\"><input size=\"40\" maxlength=\"400\" class=\"wpcf7-form-control wpcf7-text wpcf7-validates-as-required\" aria-required=\"true\" aria-invalid=\"false\" value=\"\" type=\"text\" name=\"banque_nom\" \/><\/span> <\/label>&nbsp;&nbsp;<label> Compte IBAN<br \/>\n<span class=\"wpcf7-form-control-wrap\" data-name=\"banque_cpte\"><input size=\"40\" maxlength=\"400\" class=\"wpcf7-form-control wpcf7-text wpcf7-validates-as-required\" aria-required=\"true\" aria-invalid=\"false\" value=\"\" type=\"text\" name=\"banque_cpte\" \/><\/span> <\/label>\n<\/p>\n<p><b>Notaire<\/b><br \/>\n<label> Nom du notaire<br \/>\n<span class=\"wpcf7-form-control-wrap\" data-name=\"notaire_nom\"><input size=\"40\" maxlength=\"400\" class=\"wpcf7-form-control wpcf7-text wpcf7-validates-as-required\" aria-required=\"true\" aria-invalid=\"false\" value=\"\" type=\"text\" name=\"notaire_nom\" \/><\/span> <\/label>&nbsp;&nbsp;<label> Adresse du notaire<br \/>\n<span class=\"wpcf7-form-control-wrap\" data-name=\"notaire_adr\"><input size=\"40\" maxlength=\"400\" class=\"wpcf7-form-control wpcf7-text\" aria-invalid=\"false\" value=\"\" type=\"text\" name=\"notaire_adr\" \/><\/span> <\/label>\n<\/p>\n<p><b>Vos coordonn\u00e9es<\/b><br \/>\n<label> Nom<br \/>\n<span class=\"wpcf7-form-control-wrap\" data-name=\"nom\"><input size=\"40\" maxlength=\"400\" class=\"wpcf7-form-control wpcf7-text wpcf7-validates-as-required\" autocomplete=\"nom\" aria-required=\"true\" aria-invalid=\"false\" value=\"\" type=\"text\" name=\"nom\" \/><\/span> <\/label>>&nbsp;&nbsp;<label> Adresse<br \/>\n<span class=\"wpcf7-form-control-wrap\" data-name=\"adr\"><input size=\"40\" maxlength=\"400\" class=\"wpcf7-form-control wpcf7-text\" autocomplete=\"adr\" aria-invalid=\"false\" value=\"\" type=\"text\" name=\"adr\" \/><\/span> <\/label><br \/>\n<label> T\u00e9l\u00e9phone<br \/>\n<span class=\"wpcf7-form-control-wrap\" data-name=\"tel\"><input size=\"40\" maxlength=\"400\" class=\"wpcf7-form-control wpcf7-tel wpcf7-text wpcf7-validates-as-tel\" aria-invalid=\"false\" value=\"\" type=\"tel\" name=\"tel\" \/><\/span> <\/label>&nbsp;&nbsp;<label> Courriel<br \/>\n<span class=\"wpcf7-form-control-wrap\" data-name=\"email\"><input size=\"40\" maxlength=\"400\" class=\"wpcf7-form-control wpcf7-email wpcf7-validates-as-required wpcf7-text wpcf7-validates-as-email\" autocomplete=\"email\" aria-required=\"true\" aria-invalid=\"false\" value=\"\" type=\"email\" name=\"email\" \/><\/span> <\/label><br \/>\nMessage (facultatif)<br \/>\n<span class=\"wpcf7-form-control-wrap\" data-name=\"your-message\"><textarea cols=\"40\" rows=\"10\" maxlength=\"2000\" class=\"wpcf7-form-control wpcf7-textarea\" aria-invalid=\"false\" name=\"your-message\"><\/textarea><\/span>\n<\/p>\n<p><input class=\"wpcf7-form-control wpcf7-submit has-spinner\" type=\"submit\" value=\"Soumettre\" \/>\n<\/p><div class=\"wpcf7-response-output\" aria-hidden=\"true\"><\/div>\n<input type=\"hidden\" name=\"trp-form-language\" value=\"fr\"\/><\/form>\n<\/div>\n\t\t\t\t\t\t\t\t<\/div>\n\t\t\t\t<\/div>\n\t\t\t\t\t<\/div>\n\t\t\t\t<\/div>\n\t\t<div class=\"elementor-element elementor-element-7a576f40 e-flex e-con-boxed e-con e-parent\" data-id=\"7a576f40\" data-element_type=\"container\">\n\t\t\t\t\t<div class=\"e-con-inner\">\n\t\t\t\t<div class=\"elementor-element elementor-element-10865113 elementor-widget elementor-widget-spacer\" data-id=\"10865113\" data-element_type=\"widget\" data-widget_type=\"spacer.default\">\n\t\t\t\t<div class=\"elementor-widget-container\">\n\t\t\t\t\t\t\t<div class=\"elementor-spacer\">\n\t\t\t<div class=\"elementor-spacer-inner\"><\/div>\n\t\t<\/div>\n\t\t\t\t\t\t<\/div>\n\t\t\t\t<\/div>\n\t\t\t\t\t<\/div>\n\t\t\t\t<\/div>\n\t\t\t\t<\/div>","protected":false},"excerpt":{"rendered":"<p>Formulaires Constitution d'une soci\u00e9t\u00e9 anonyme Bonjour, Afin de vous fournir un devis gratuit pour la constitution de votre soci\u00e9t\u00e9, veuillez nous envoyer les informations ci-dessous. Nous vous contacterons [...]<\/p>","protected":false},"author":1,"featured_media":0,"parent":0,"menu_order":0,"comment_status":"closed","ping_status":"closed","template":"elementor_header_footer","meta":{"footnotes":""},"class_list":["post-562","page","type-page","status-publish","hentry"],"_links":{"self":[{"href":"https:\/\/www.schaeffer-partners.lu\/fr\/wp-json\/wp\/v2\/pages\/562","targetHints":{"allow":["GET"]}}],"collection":[{"href":"https:\/\/www.schaeffer-partners.lu\/fr\/wp-json\/wp\/v2\/pages"}],"about":[{"href":"https:\/\/www.schaeffer-partners.lu\/fr\/wp-json\/wp\/v2\/types\/page"}],"author":[{"embeddable":true,"href":"https:\/\/www.schaeffer-partners.lu\/fr\/wp-json\/wp\/v2\/users\/1"}],"replies":[{"embeddable":true,"href":"https:\/\/www.schaeffer-partners.lu\/fr\/wp-json\/wp\/v2\/comments?post=562"}],"version-history":[{"count":0,"href":"https:\/\/www.schaeffer-partners.lu\/fr\/wp-json\/wp\/v2\/pages\/562\/revisions"}],"wp:attachment":[{"href":"https:\/\/www.schaeffer-partners.lu\/fr\/wp-json\/wp\/v2\/media?parent=562"}],"curies":[{"name":"wp","href":"https:\/\/api.w.org\/{rel}","templated":true}]}}