{"id":542,"date":"2025-04-09T20:40:10","date_gmt":"2025-04-09T18:40:10","guid":{"rendered":"https:\/\/www.schaeffer-partners.lu\/?page_id=542"},"modified":"2025-04-09T20:42:26","modified_gmt":"2025-04-09T18:42:26","slug":"services","status":"publish","type":"page","link":"https:\/\/www.schaeffer-partners.lu\/fr\/services\/","title":{"rendered":"Services"},"content":{"rendered":"<div data-elementor-type=\"wp-page\" data-elementor-id=\"542\" class=\"elementor elementor-542\">\n\t\t\t\t<div class=\"elementor-element elementor-element-3f6dd085 e-con-full elementor-hidden-mobile e-flex e-con e-parent\" data-id=\"3f6dd085\" data-element_type=\"container\" data-settings=\"{&quot;background_background&quot;:&quot;classic&quot;}\">\n\t\t\t\t<div class=\"elementor-element elementor-element-48523608 elementor-widget__width-inherit elementor-hidden-mobile elementor-widget elementor-widget-heading\" data-id=\"48523608\" data-element_type=\"widget\" data-widget_type=\"heading.default\">\n\t\t\t\t<div class=\"elementor-widget-container\">\n\t\t\t\t\t<h2 class=\"elementor-heading-title elementor-size-default\"><br><br><br><\/h2>\t\t\t\t<\/div>\n\t\t\t\t<\/div>\n\t\t\t\t<\/div>\n\t\t<div class=\"elementor-element elementor-element-4bb83a29 e-con-full elementor-hidden-desktop elementor-hidden-tablet e-flex e-con e-parent\" data-id=\"4bb83a29\" data-element_type=\"container\" data-settings=\"{&quot;background_background&quot;:&quot;classic&quot;}\">\n\t\t\t\t<div class=\"elementor-element elementor-element-19742fe2 elementor-widget__width-inherit elementor-hidden-desktop elementor-hidden-tablet elementor-widget elementor-widget-heading\" data-id=\"19742fe2\" data-element_type=\"widget\" data-widget_type=\"heading.default\">\n\t\t\t\t<div class=\"elementor-widget-container\">\n\t\t\t\t\t<h2 class=\"elementor-heading-title elementor-size-default\"><br><br><\/h2>\t\t\t\t<\/div>\n\t\t\t\t<\/div>\n\t\t\t\t<\/div>\n\t\t<div class=\"elementor-element elementor-element-474b90b4 e-flex e-con-boxed e-con e-parent\" data-id=\"474b90b4\" data-element_type=\"container\">\n\t\t\t\t\t<div class=\"e-con-inner\">\n\t\t\t\t<div class=\"elementor-element elementor-element-34620660 elementor-widget elementor-widget-hera-title\" data-id=\"34620660\" data-element_type=\"widget\" data-widget_type=\"hera-title.default\">\n\t\t\t\t<div class=\"elementor-widget-container\">\n\t\t\t\t\t\n\t\t<div class=\"section-title text-center wow zoomIn\">\n\t\t\t<span>Schaeffer &amp; Partners<\/span>\t\n\t\t\t<h2>Services<\/h2>\t\n\t\t<\/div>\n\t\t\t\t<\/div>\n\t\t\t\t<\/div>\n\t\t\t\t<div class=\"elementor-element elementor-element-a70cb34 elementor-widget elementor-widget-heading\" data-id=\"a70cb34\" data-element_type=\"widget\" data-widget_type=\"heading.default\">\n\t\t\t\t<div class=\"elementor-widget-container\">\n\t\t\t\t\t<h4 class=\"elementor-heading-title elementor-size-default\">Comptabilit\u00e9 g\u00e9n\u00e9rale<\/h4>\t\t\t\t<\/div>\n\t\t\t\t<\/div>\n\t\t\t\t<div class=\"elementor-element elementor-element-313866b0 elementor-widget elementor-widget-text-editor\" data-id=\"313866b0\" data-element_type=\"widget\" data-widget_type=\"text-editor.default\">\n\t\t\t\t<div class=\"elementor-widget-container\">\n\t\t\t\t\t\t\t\t\t<p>- Saisie des donn\u00e9es et encodage des formulaires comptables<br \/>- Pr\u00e9paration et analyse des \u00e9tats financiers interm\u00e9diaires et annuels<br \/>- \u00c9tablissement des bilans et des comptes de r\u00e9sultats p\u00e9riodiques et de fin d'exercice<br \/>- Auditeur de l'administration<\/p>\t\t\t\t\t\t\t\t<\/div>\n\t\t\t\t<\/div>\n\t\t\t\t\t<\/div>\n\t\t\t\t<\/div>\n\t\t<div class=\"elementor-element elementor-element-2873ab9e e-flex e-con-boxed e-con e-parent\" data-id=\"2873ab9e\" data-element_type=\"container\">\n\t\t\t\t\t<div class=\"e-con-inner\">\n\t\t\t\t<div class=\"elementor-element elementor-element-4d25027 elementor-widget elementor-widget-heading\" data-id=\"4d25027\" data-element_type=\"widget\" data-widget_type=\"heading.default\">\n\t\t\t\t<div class=\"elementor-widget-container\">\n\t\t\t\t\t<h4 class=\"elementor-heading-title elementor-size-default\">Fiscalit\u00e9 et TVA<\/h4>\t\t\t\t<\/div>\n\t\t\t\t<\/div>\n\t\t\t\t<div class=\"elementor-element elementor-element-1ee586e9 elementor-widget elementor-widget-text-editor\" data-id=\"1ee586e9\" data-element_type=\"widget\" data-widget_type=\"text-editor.default\">\n\t\t\t\t<div class=\"elementor-widget-container\">\n\t\t\t\t\t\t\t\t\t<p>- Optimisation fiscale des structures d'entreprise<br \/>- \u00c9tablissement des d\u00e9clarations p\u00e9riodiques et annuelles de TVA<br \/>- \u00c9tablissement des d\u00e9clarations fiscales pour les personnes physiques et morales<\/p>\t\t\t\t\t\t\t\t<\/div>\n\t\t\t\t<\/div>\n\t\t\t\t\t<\/div>\n\t\t\t\t<\/div>\n\t\t<div class=\"elementor-element elementor-element-4390f40a e-flex e-con-boxed e-con e-parent\" data-id=\"4390f40a\" data-element_type=\"container\">\n\t\t\t\t\t<div class=\"e-con-inner\">\n\t\t\t\t<div class=\"elementor-element elementor-element-5d9a814 elementor-widget elementor-widget-image\" data-id=\"5d9a814\" data-element_type=\"widget\" data-widget_type=\"image.default\">\n\t\t\t\t<div class=\"elementor-widget-container\">\n\t\t\t\t\t\t\t\t\t\t\t\t\t\t\t<img decoding=\"async\" src=\"https:\/\/www.schaeffer-partners.lu\/wp-content\/uploads\/elementor\/thumbs\/accountant-scaled-2-r9c0v6qt438hr2mupketobhi1ff0tu553fzp1d7b8g.jpg\" title=\"comptable-\u00e9chelle.jpg\" alt=\"comptable-\u00e9chelle.jpg\" loading=\"lazy\" \/>\t\t\t\t\t\t\t\t\t\t\t\t\t\t\t<\/div>\n\t\t\t\t<\/div>\n\t\t\t\t<div class=\"elementor-element elementor-element-7f38affb elementor-widget elementor-widget-heading\" data-id=\"7f38affb\" data-element_type=\"widget\" data-widget_type=\"heading.default\">\n\t\t\t\t<div class=\"elementor-widget-container\">\n\t\t\t\t\t<h4 class=\"elementor-heading-title elementor-size-default\">Gestion et calcul des salaires<\/h4>\t\t\t\t<\/div>\n\t\t\t\t<\/div>\n\t\t\t\t\t<\/div>\n\t\t\t\t<\/div>\n\t\t<div class=\"elementor-element elementor-element-3071abdf e-flex e-con-boxed e-con e-parent\" data-id=\"3071abdf\" data-element_type=\"container\">\n\t\t\t\t\t<div class=\"e-con-inner\">\n\t\t\t\t<div class=\"elementor-element elementor-element-7df653b8 elementor-widget elementor-widget-text-editor\" data-id=\"7df653b8\" data-element_type=\"widget\" data-widget_type=\"text-editor.default\">\n\t\t\t\t<div class=\"elementor-widget-container\">\n\t\t\t\t\t\t\t\t\t<p>- Inscription des entreprises et des travailleurs au CCSS (Centre Commun de la S\u00e9curit\u00e9 Sociale)<br \/>- Accomplissement des formalit\u00e9s administratives<br \/>- Calcul des salaires et des traitements<br \/>- Pr\u00e9paration des comptages annuels<br \/>- Tenue des fiches de paie<br \/>- Repr\u00e9sentations ad hoc d'organisations \u00e9trang\u00e8res<br \/>- Conseils en mati\u00e8re de s\u00e9curit\u00e9 sociale<\/p>\t\t\t\t\t\t\t\t<\/div>\n\t\t\t\t<\/div>\n\t\t\t\t\t<\/div>\n\t\t\t\t<\/div>\n\t\t<div class=\"elementor-element elementor-element-54860f32 e-flex e-con-boxed e-con e-parent\" data-id=\"54860f32\" data-element_type=\"container\">\n\t\t\t\t\t<div class=\"e-con-inner\">\n\t\t\t\t<div class=\"elementor-element elementor-element-39d99c32 elementor-widget elementor-widget-heading\" data-id=\"39d99c32\" data-element_type=\"widget\" data-widget_type=\"heading.default\">\n\t\t\t\t<div class=\"elementor-widget-container\">\n\t\t\t\t\t<h4 class=\"elementor-heading-title elementor-size-default\">Cr\u00e9ation d'entreprise et conseil<\/h4>\t\t\t\t<\/div>\n\t\t\t\t<\/div>\n\t\t\t\t\t<\/div>\n\t\t\t\t<\/div>\n\t\t<div class=\"elementor-element elementor-element-6ad6d739 e-flex e-con-boxed e-con e-parent\" data-id=\"6ad6d739\" data-element_type=\"container\">\n\t\t\t\t\t<div class=\"e-con-inner\">\n\t\t\t\t<div class=\"elementor-element elementor-element-7620b383 elementor-widget elementor-widget-text-editor\" data-id=\"7620b383\" data-element_type=\"widget\" data-widget_type=\"text-editor.default\">\n\t\t\t\t<div class=\"elementor-widget-container\">\n\t\t\t\t\t\t\t\t\t- Cr\u00e9ation et gestion de structures luxembourgeoises et internationales<br>\n- Domiciliations des entreprises<br>\n- Ing\u00e9nierie fiscale<br>\n- Demande d'autorisation d'\u00e9tablissement, d'aides publiques et de subventions<br>\n- Transfert d'entreprise<br>\n- Secr\u00e9taire juridique d'entreprises<br>\n- Recrutement de personnel<br>\n- Repr\u00e9sentation d'entreprises \u00e9trang\u00e8res<br>\n- Cr\u00e9ation de plans d'entreprise<br>\n- Contact avec les banques<br>\n- Contact avec le notaire\t\t\t\t\t\t\t\t<\/div>\n\t\t\t\t<\/div>\n\t\t\t\t\t<\/div>\n\t\t\t\t<\/div>\n\t\t\t\t<\/div>","protected":false},"excerpt":{"rendered":"<p>Schaeffer &amp; Partners Services Comptabilit\u00e9 g\u00e9n\u00e9rale - Saisie et encodage des formulaires comptables - Pr\u00e9paration et analyse des \u00e9tats financiers interm\u00e9diaires et annuels - \u00c9tablissement des bilans et des cl\u00f4tures p\u00e9riodiques et [...]<\/p>","protected":false},"author":1,"featured_media":0,"parent":0,"menu_order":0,"comment_status":"closed","ping_status":"closed","template":"elementor_header_footer","meta":{"footnotes":""},"class_list":["post-542","page","type-page","status-publish","hentry"],"_links":{"self":[{"href":"https:\/\/www.schaeffer-partners.lu\/fr\/wp-json\/wp\/v2\/pages\/542","targetHints":{"allow":["GET"]}}],"collection":[{"href":"https:\/\/www.schaeffer-partners.lu\/fr\/wp-json\/wp\/v2\/pages"}],"about":[{"href":"https:\/\/www.schaeffer-partners.lu\/fr\/wp-json\/wp\/v2\/types\/page"}],"author":[{"embeddable":true,"href":"https:\/\/www.schaeffer-partners.lu\/fr\/wp-json\/wp\/v2\/users\/1"}],"replies":[{"embeddable":true,"href":"https:\/\/www.schaeffer-partners.lu\/fr\/wp-json\/wp\/v2\/comments?post=542"}],"version-history":[{"count":0,"href":"https:\/\/www.schaeffer-partners.lu\/fr\/wp-json\/wp\/v2\/pages\/542\/revisions"}],"wp:attachment":[{"href":"https:\/\/www.schaeffer-partners.lu\/fr\/wp-json\/wp\/v2\/media?parent=542"}],"curies":[{"name":"wp","href":"https:\/\/api.w.org\/{rel}","templated":true}]}}